{"id":17309,"date":"2025-03-18T15:04:49","date_gmt":"2025-03-18T15:04:49","guid":{"rendered":"https:\/\/dolcevitaexperience.com\/?page_id=17309"},"modified":"2025-03-18T15:15:34","modified_gmt":"2025-03-18T15:15:34","slug":"politique-de-confidentialite","status":"publish","type":"page","link":"https:\/\/dolcevitaexperience.com\/fr\/politique-de-confidentialite\/","title":{"rendered":"Politique de confidentialit\u00e9"},"content":{"rendered":"\t\t<div data-elementor-type=\"wp-page\" data-elementor-id=\"17309\" class=\"elementor elementor-17309\">\n\t\t\t\t\t\t<div class=\"elementor-inner\">\n\t\t\t\t<div class=\"elementor-section-wrap\">\n\t\t\t\t\t\t\t\t\t<section class=\"elementor-section elementor-top-section elementor-element elementor-element-5b9944a elementor-section-boxed elementor-section-height-default elementor-section-height-default wpr-particle-no wpr-jarallax-no wpr-parallax-no wpr-sticky-section-no wpr-equal-height-no\" data-id=\"5b9944a\" data-element_type=\"section\" data-settings=\"{&quot;background_background&quot;:&quot;classic&quot;}\">\n\t\t\t\t\t\t<div class=\"elementor-container elementor-column-gap-default\">\n\t\t\t\t\t\t\t<div class=\"elementor-row\">\n\t\t\t\t\t<div class=\"elementor-column elementor-col-66 elementor-top-column elementor-element elementor-element-f1b2685\" data-id=\"f1b2685\" data-element_type=\"column\">\n\t\t\t<div class=\"elementor-column-wrap elementor-element-populated\">\n\t\t\t\t\t\t\t<div class=\"elementor-widget-wrap\">\n\t\t\t\t\t\t<div class=\"elementor-element elementor-element-9eef770 elementor-widget elementor-widget-heading\" data-id=\"9eef770\" data-element_type=\"widget\" data-widget_type=\"heading.default\">\n\t\t\t\t<div class=\"elementor-widget-container\">\n\t\t\t<h1 class=\"elementor-heading-title elementor-size-default\">Politique de confidentialit\u00e9<\/h1>\t\t<\/div>\n\t\t\t\t<\/div>\n\t\t\t\t<div class=\"elementor-element elementor-element-fe194e5 elementor-widget elementor-widget-text-editor\" data-id=\"fe194e5\" data-element_type=\"widget\" data-widget_type=\"text-editor.default\">\n\t\t\t\t<div class=\"elementor-widget-container\">\n\t\t\t\t\t\t\t\t<div class=\"elementor-text-editor elementor-clearfix\">\n\t\t\t\t<p><strong><span style=\"text-decoration: underline;\">1. Introduction<\/span><\/strong><\/p><p style=\"text-align: justify;\"><span style=\"font-weight: 400;\">Dans le cadre de ses activit\u00e9s, Dolce Vita Experience accorde une grande importance \u00e0 la protection de vos donn\u00e9es personnelles et \u00e0 votre vie priv\u00e9e. Cette politique de confidentialit\u00e9 vise \u00e0 vous informer de mani\u00e8re claire sur la mani\u00e8re dont nous collectons, utilisons et prot\u00e9geons vos informations conform\u00e9ment au R\u00e8glement G\u00e9n\u00e9ral sur la Protection des Donn\u00e9es (RGPD &#8211; GDPR).<\/span><\/p><p style=\"text-align: justify;\"><strong><span style=\"text-decoration: underline;\">2. Responsable du traitement des donn\u00e9es<\/span><\/strong><\/p><p style=\"text-align: justify;\"><span style=\"font-weight: 400;\">Le responsable du traitement des donn\u00e9es est :<\/span><\/p><p style=\"text-align: justify;\"><span style=\"font-weight: 400;\">Dolce Vita Experience<\/span><\/p><p style=\"text-align: justify;\"><span style=\"font-weight: 400;\">Rue du Fond Cattelain 2\u00a0<\/span><\/p><p style=\"text-align: justify;\"><span style=\"font-weight: 400;\">1435 Mont Saint Guibert<\/span><\/p><p style=\"text-align: justify;\"><span style=\"font-weight: 400;\">Belgique<\/span><\/p><p style=\"text-align: justify;\"><span style=\"font-weight: 400;\">info@dolcevita.be<\/span><\/p><p style=\"text-align: justify;\"><span style=\"font-weight: 400;\">+3226532520<\/span><\/p><p style=\"text-align: justify;\"><strong><span style=\"text-decoration: underline;\">3. Donn\u00e9es collect\u00e9es<\/span><\/strong><\/p><p style=\"text-align: justify;\"><span style=\"font-weight: 400;\">Nous collectons diff\u00e9rentes cat\u00e9gories de donn\u00e9es personnelles dans les cas suivants :<\/span><\/p><ul><li style=\"text-align: justify;\"><p><span style=\"font-weight: 400;\">Lorsque vous naviguez sur notre site \u2192 Donn\u00e9es de connexion (adresse IP, type de navigateur, pages consult\u00e9es).<\/span><\/p><\/li><li style=\"text-align: justify;\"><p><span style=\"font-weight: 400;\">Lorsque vous remplissez un formulaire ou nous contactez \u2192 Nom, pr\u00e9nom, adresse email, num\u00e9ro de t\u00e9l\u00e9phone.<\/span><\/p><\/li><li style=\"text-align: justify;\"><p><span style=\"font-weight: 400;\">Lorsque vous effectuez une r\u00e9servation \u2192 Informations n\u00e9cessaires \u00e0 la gestion de votre r\u00e9servation (nom, pr\u00e9nom, adresse, coordonn\u00e9es bancaires si n\u00e9cessaire).<\/span><\/p><\/li><li style=\"text-align: justify;\"><p><span style=\"font-weight: 400;\">Lorsque vous acceptez les cookies \u2192 Donn\u00e9es analytiques pour am\u00e9liorer votre exp\u00e9rience utilisateur.<\/span><\/p><\/li><\/ul><p><strong><span style=\"text-decoration: underline;\">4. Finalit\u00e9 de la collecte des donn\u00e9es<\/span><\/strong><\/p><p style=\"text-align: justify;\"><span style=\"font-weight: 400;\">Nous utilisons vos donn\u00e9es pour :<\/span><\/p><ul><li style=\"text-align: justify;\"><p><span style=\"font-weight: 400;\">G\u00e9rer vos r\u00e9servations et demandes d\u2019information<\/span><\/p><\/li><li style=\"text-align: justify;\"><p><span style=\"font-weight: 400;\">Am\u00e9liorer l\u2019exp\u00e9rience utilisateur sur notre site<\/span><\/p><\/li><li style=\"text-align: justify;\"><p><span style=\"font-weight: 400;\">Vous envoyer des communications et actualit\u00e9s (avec votre consentement pr\u00e9alable)<\/span><\/p><\/li><li style=\"text-align: justify;\"><p><span style=\"font-weight: 400;\">Respecter nos obligations l\u00e9gales et r\u00e9glementaires<\/span><\/p><\/li><\/ul><p><strong><span style=\"text-decoration: underline;\">5. Dur\u00e9e de conservation des donn\u00e9es<\/span><\/strong><\/p><p style=\"text-align: justify;\"><span style=\"font-weight: 400;\">Vos donn\u00e9es sont conserv\u00e9es pour des dur\u00e9es limit\u00e9es :<\/span><\/p><p style=\"text-align: justify;\"><span style=\"font-weight: 400;\">Donn\u00e9es de contact : 3 ans \u00e0 compter du dernier \u00e9change.<\/span><\/p><p style=\"text-align: justify;\"><span style=\"font-weight: 400;\">Donn\u00e9es de r\u00e9servation : 5 ans pour des raisons comptables et l\u00e9gales.<\/span><\/p><p style=\"text-align: justify;\"><span style=\"font-weight: 400;\">Donn\u00e9es analytiques (cookies) : 13 mois maximum.<\/span><\/p><p><strong><span style=\"text-decoration: underline;\">6. Partage et protection des donn\u00e9es<\/span><\/strong><\/p><p style=\"text-align: justify;\"><span style=\"font-weight: 400;\">Nous ne vendons ni ne partageons vos donn\u00e9es avec des tiers, sauf dans les cas suivants :<\/span><\/p><p style=\"text-align: justify;\"><span style=\"font-weight: 400;\">Prestataires et partenaires (ex. plateforme de paiement, gestion des r\u00e9servations), uniquement lorsque cela est n\u00e9cessaire.<\/span><\/p><p style=\"text-align: justify;\"><span style=\"font-weight: 400;\">Obligations l\u00e9gales (ex. administration fiscale ou judiciaire).<\/span><\/p><p style=\"text-align: justify;\"><span style=\"font-weight: 400;\">Vos donn\u00e9es sont stock\u00e9es sur des serveurs s\u00e9curis\u00e9s et nous mettons en place des mesures de protection adapt\u00e9es.<\/span><\/p><p><strong><span style=\"text-decoration: underline;\">7. Vos droits<\/span><\/strong><\/p><p style=\"text-align: justify;\"><span style=\"font-weight: 400;\">Conform\u00e9ment au RGPD, vous disposez des droits suivants :<\/span><\/p><ul style=\"text-align: justify;\"><li style=\"font-weight: 400;\" aria-level=\"1\"><p><span style=\"font-weight: 400;\">Droit d\u2019acc\u00e8s : Vous pouvez demander quelles donn\u00e9es nous d\u00e9tenons sur vous.<\/span><\/p><\/li><li style=\"font-weight: 400;\" aria-level=\"1\"><p><span style=\"font-weight: 400;\">Droit de rectification : Vous pouvez corriger vos donn\u00e9es si elles sont inexactes.<\/span><\/p><\/li><li style=\"font-weight: 400;\" aria-level=\"1\"><p><span style=\"font-weight: 400;\">Droit \u00e0 l\u2019effacement : Vous pouvez demander la suppression de vos donn\u00e9es.<\/span><\/p><\/li><li style=\"font-weight: 400;\" aria-level=\"1\"><p><span style=\"font-weight: 400;\">Droit d\u2019opposition : Vous pouvez refuser l\u2019utilisation de vos donn\u00e9es \u00e0 des fins de marketing.<\/span><\/p><\/li><li style=\"font-weight: 400;\" aria-level=\"1\"><p><span style=\"font-weight: 400;\">Droit \u00e0 la portabilit\u00e9 : Vous pouvez r\u00e9cup\u00e9rer vos donn\u00e9es sous un format lisible.<\/span><\/p><\/li><\/ul><p style=\"text-align: justify;\"><span style=\"font-weight: 400;\">Pour exercer vos droits, contactez-nous \u00e0 info@dolcevita.be.<\/span><\/p><p style=\"text-align: justify;\"><strong><span style=\"text-decoration: underline;\">8. Politique de cookies<\/span><\/strong><\/p><p style=\"text-align: justify;\"><span style=\"font-weight: 400;\">Pour en savoir plus sur l&rsquo;utilisation des cookies, veuillez consulter notre Politique de cookies.<\/span><\/p><p style=\"text-align: justify;\"><strong><span style=\"text-decoration: underline;\">9. Modifications et mises \u00e0 jour<\/span><\/strong><\/p><p style=\"text-align: justify;\"><span style=\"font-weight: 400;\">Cette politique de confidentialit\u00e9 peut \u00eatre modifi\u00e9e \u00e0 tout moment pour rester conforme aux \u00e9volutions l\u00e9gales et techniques. Nous vous encourageons \u00e0 la consulter r\u00e9guli\u00e8rement.<\/span><\/p>\t\t\t\t\t<\/div>\n\t\t\t\t\t\t<\/div>\n\t\t\t\t<\/div>\n\t\t\t\t\t\t<\/div>\n\t\t\t\t\t<\/div>\n\t\t<\/div>\n\t\t\t\t<div class=\"elementor-column elementor-col-33 elementor-top-column elementor-element elementor-element-7cd8bce\" data-id=\"7cd8bce\" data-element_type=\"column\">\n\t\t\t<div class=\"elementor-column-wrap\">\n\t\t\t\t\t\t\t<div class=\"elementor-widget-wrap\">\n\t\t\t\t\t\t\t\t<\/div>\n\t\t\t\t\t<\/div>\n\t\t<\/div>\n\t\t\t\t\t\t\t\t<\/div>\n\t\t\t\t\t<\/div>\n\t\t<\/section>\n\t\t\t\t\t\t\t\t\t<\/div>\n\t\t\t<\/div>\n\t\t\t\t\t<\/div>\n\t\t","protected":false},"excerpt":{"rendered":"<p>Politique de confidentialit\u00e9 1. Introduction Dans le cadre de ses activit\u00e9s, Dolce Vita Experience accorde une grande importance \u00e0 la protection de vos donn\u00e9es personnelles et \u00e0 votre vie priv\u00e9e. Cette politique de confidentialit\u00e9 vise \u00e0 vous informer de mani\u00e8re &hellip; <a href=\"https:\/\/dolcevitaexperience.com\/fr\/politique-de-confidentialite\/\">Read More<\/a><\/p>\n","protected":false},"author":1,"featured_media":0,"parent":0,"menu_order":0,"comment_status":"closed","ping_status":"closed","template":"","meta":{"_acf_changed":false,"iawp_total_views":10,"_joinchat":[],"footnotes":""},"class_list":["post-17309","page","type-page","status-publish","hentry"],"acf":[],"_links":{"self":[{"href":"https:\/\/dolcevitaexperience.com\/fr\/wp-json\/wp\/v2\/pages\/17309","targetHints":{"allow":["GET"]}}],"collection":[{"href":"https:\/\/dolcevitaexperience.com\/fr\/wp-json\/wp\/v2\/pages"}],"about":[{"href":"https:\/\/dolcevitaexperience.com\/fr\/wp-json\/wp\/v2\/types\/page"}],"author":[{"embeddable":true,"href":"https:\/\/dolcevitaexperience.com\/fr\/wp-json\/wp\/v2\/users\/1"}],"replies":[{"embeddable":true,"href":"https:\/\/dolcevitaexperience.com\/fr\/wp-json\/wp\/v2\/comments?post=17309"}],"version-history":[{"count":13,"href":"https:\/\/dolcevitaexperience.com\/fr\/wp-json\/wp\/v2\/pages\/17309\/revisions"}],"predecessor-version":[{"id":17323,"href":"https:\/\/dolcevitaexperience.com\/fr\/wp-json\/wp\/v2\/pages\/17309\/revisions\/17323"}],"wp:attachment":[{"href":"https:\/\/dolcevitaexperience.com\/fr\/wp-json\/wp\/v2\/media?parent=17309"}],"curies":[{"name":"wp","href":"https:\/\/api.w.org\/{rel}","templated":true}]}}