{"id":17324,"date":"2025-03-18T15:17:31","date_gmt":"2025-03-18T15:17:31","guid":{"rendered":"https:\/\/dolcevitaexperience.com\/?page_id=17324"},"modified":"2025-03-18T17:41:51","modified_gmt":"2025-03-18T17:41:51","slug":"politique-de-cookies","status":"publish","type":"page","link":"https:\/\/dolcevitaexperience.com\/fr\/politique-de-cookies\/","title":{"rendered":"Politique de cookies"},"content":{"rendered":"\t\t<div data-elementor-type=\"wp-page\" data-elementor-id=\"17324\" class=\"elementor elementor-17324\">\n\t\t\t\t\t\t<div class=\"elementor-inner\">\n\t\t\t\t<div class=\"elementor-section-wrap\">\n\t\t\t\t\t\t\t\t\t<section class=\"elementor-section elementor-top-section elementor-element elementor-element-bc59cb0 elementor-section-boxed elementor-section-height-default elementor-section-height-default wpr-particle-no wpr-jarallax-no wpr-parallax-no wpr-sticky-section-no wpr-equal-height-no\" data-id=\"bc59cb0\" data-element_type=\"section\">\n\t\t\t\t\t\t<div class=\"elementor-container elementor-column-gap-default\">\n\t\t\t\t\t\t\t<div class=\"elementor-row\">\n\t\t\t\t\t<div class=\"elementor-column elementor-col-66 elementor-top-column elementor-element elementor-element-912fcb1\" data-id=\"912fcb1\" data-element_type=\"column\">\n\t\t\t<div class=\"elementor-column-wrap elementor-element-populated\">\n\t\t\t\t\t\t\t<div class=\"elementor-widget-wrap\">\n\t\t\t\t\t\t<div class=\"elementor-element elementor-element-157a6d7 elementor-widget elementor-widget-heading\" data-id=\"157a6d7\" data-element_type=\"widget\" data-widget_type=\"heading.default\">\n\t\t\t\t<div class=\"elementor-widget-container\">\n\t\t\t<h1 class=\"elementor-heading-title elementor-size-default\">Politique de cookies<\/h1>\t\t<\/div>\n\t\t\t\t<\/div>\n\t\t\t\t<div class=\"elementor-element elementor-element-59c8c95 elementor-widget elementor-widget-text-editor\" data-id=\"59c8c95\" data-element_type=\"widget\" data-widget_type=\"text-editor.default\">\n\t\t\t\t<div class=\"elementor-widget-container\">\n\t\t\t\t\t\t\t\t<div class=\"elementor-text-editor elementor-clearfix\">\n\t\t\t\t<p style=\"text-align: justify;\"><strong><span style=\"text-decoration: underline;\">Introduction<\/span><\/strong><\/p><p><span style=\"font-weight: 400;\">Lors de votre navigation sur le site de Dolce Vita Experience, des cookies et autres traceurs peuvent \u00eatre d\u00e9pos\u00e9s sur votre appareil. Cette politique vous explique ce que sont les cookies, comment nous les utilisons, et comment vous pouvez g\u00e9rer vos pr\u00e9f\u00e9rences.<\/span><\/p><p><strong><span style=\"text-decoration: underline;\"> Qu\u2019est-ce qu\u2019un cookie ?<\/span><\/strong><\/p><p><span style=\"font-weight: 400;\">Un cookie est un petit fichier texte stock\u00e9 sur votre navigateur lorsque vous visitez un site web. Il permet de reconna\u00eetre votre appareil et d\u2019am\u00e9liorer votre exp\u00e9rience en facilitant la navigation et en personnalisant le contenu affich\u00e9.<\/span><\/p><p><strong><span style=\"text-decoration: underline;\"> Quels types de cookies utilisons-nous ?<\/span><\/strong><\/p><p><span style=\"font-weight: 400;\">Nous utilisons plusieurs types de cookies sur notre site :<\/span><\/p><p><span style=\"text-decoration: underline;\"><span style=\"font-weight: 400;\">Cookies essentiels (obligatoires)<\/span><\/span><\/p><p><span style=\"font-weight: 400;\">Ces cookies sont n\u00e9cessaires au bon fonctionnement du site et ne peuvent pas \u00eatre d\u00e9sactiv\u00e9s. Ils permettent par exemple d\u2019assurer la s\u00e9curit\u00e9 du site et l\u2019acc\u00e8s \u00e0 certaines fonctionnalit\u00e9s essentielles.<\/span><\/p><p><span style=\"text-decoration: underline;\"><span style=\"font-weight: 400;\">Cookies de performance et d\u2019analyse<\/span><\/span><\/p><p><span style=\"font-weight: 400;\">Ces cookies nous aident \u00e0 comprendre comment les visiteurs utilisent notre site (pages visit\u00e9es, dur\u00e9e de navigation, origine du trafic). Nous utilisons des outils comme Google Analytics pour am\u00e9liorer l\u2019exp\u00e9rience utilisateur.<\/span><\/p><p><span style=\"text-decoration: underline;\"><span style=\"font-weight: 400;\">Cookies de personnalisation<\/span><\/span><\/p><p><span style=\"font-weight: 400;\">Ces cookies permettent d\u2019adapter le contenu et les services en fonction de vos pr\u00e9f\u00e9rences et de votre historique de navigation.<\/span><\/p><p><span style=\"text-decoration: underline;\"><span style=\"font-weight: 400;\">Cookies publicitaires et de r\u00e9seaux sociaux<\/span><\/span><\/p><p><span style=\"font-weight: 400;\">Ces cookies sont utilis\u00e9s pour afficher des publicit\u00e9s personnalis\u00e9es et pour interagir avec des plateformes tierces (Facebook, Instagram, etc.).<\/span><\/p><p><span style=\"text-decoration: underline;\"><strong> Comment g\u00e9rer vos pr\u00e9f\u00e9rences ?<\/strong><\/span><\/p><p><span style=\"font-weight: 400;\">Vous avez le contr\u00f4le sur l\u2019activation des cookies non essentiels. Vous pouvez :<\/span><\/p><p><span style=\"font-weight: 400;\">Accepter ou refuser les cookies via la banni\u00e8re de consentement affich\u00e9e lors de votre premi\u00e8re visite.<\/span><\/p><p><span style=\"font-weight: 400;\">G\u00e9rer vos pr\u00e9f\u00e9rences dans les param\u00e8tres de votre navigateur :<\/span><\/p><p><span style=\"font-weight: 400;\">Google Chrome : Param\u00e8tres des cookies<\/span><\/p><p><span style=\"font-weight: 400;\">Mozilla Firefox : G\u00e9rer les cookies<\/span><\/p><p><span style=\"font-weight: 400;\">Safari : Gestion des cookies<\/span><\/p><p><span style=\"font-weight: 400;\">Microsoft Edge : Param\u00e8tres des cookies<\/span><\/p><p><span style=\"font-weight: 400;\"> Dur\u00e9e de conservation des cookies<\/span><\/p><p><span style=\"font-weight: 400;\">Les cookies sont conserv\u00e9s pour une dur\u00e9e maximale de 13 mois \u00e0 partir de leur d\u00e9p\u00f4t sur votre appareil.<\/span><\/p><p><strong> Contact<\/strong><\/p><p><span style=\"font-weight: 400;\">Pour toute question relative \u00e0 l\u2019utilisation des cookies, vous pouvez nous contacter \u00e0 info@dolcevita.be.<\/span><\/p>\t\t\t\t\t<\/div>\n\t\t\t\t\t\t<\/div>\n\t\t\t\t<\/div>\n\t\t\t\t\t\t<\/div>\n\t\t\t\t\t<\/div>\n\t\t<\/div>\n\t\t\t\t<div class=\"elementor-column elementor-col-33 elementor-top-column elementor-element elementor-element-0dda54a\" data-id=\"0dda54a\" data-element_type=\"column\">\n\t\t\t<div class=\"elementor-column-wrap\">\n\t\t\t\t\t\t\t<div class=\"elementor-widget-wrap\">\n\t\t\t\t\t\t\t\t<\/div>\n\t\t\t\t\t<\/div>\n\t\t<\/div>\n\t\t\t\t\t\t\t\t<\/div>\n\t\t\t\t\t<\/div>\n\t\t<\/section>\n\t\t\t\t\t\t\t\t\t<\/div>\n\t\t\t<\/div>\n\t\t\t\t\t<\/div>\n\t\t","protected":false},"excerpt":{"rendered":"<p>Politique de cookies Introduction Lors de votre navigation sur le site de Dolce Vita Experience, des cookies et autres traceurs peuvent \u00eatre d\u00e9pos\u00e9s sur votre appareil. Cette politique vous explique ce que sont les cookies, comment nous les utilisons, et &hellip; <a href=\"https:\/\/dolcevitaexperience.com\/fr\/politique-de-cookies\/\">Read More<\/a><\/p>\n","protected":false},"author":1,"featured_media":0,"parent":0,"menu_order":0,"comment_status":"closed","ping_status":"closed","template":"","meta":{"_acf_changed":false,"iawp_total_views":24,"_joinchat":[],"footnotes":""},"class_list":["post-17324","page","type-page","status-publish","hentry"],"acf":[],"_links":{"self":[{"href":"https:\/\/dolcevitaexperience.com\/fr\/wp-json\/wp\/v2\/pages\/17324","targetHints":{"allow":["GET"]}}],"collection":[{"href":"https:\/\/dolcevitaexperience.com\/fr\/wp-json\/wp\/v2\/pages"}],"about":[{"href":"https:\/\/dolcevitaexperience.com\/fr\/wp-json\/wp\/v2\/types\/page"}],"author":[{"embeddable":true,"href":"https:\/\/dolcevitaexperience.com\/fr\/wp-json\/wp\/v2\/users\/1"}],"replies":[{"embeddable":true,"href":"https:\/\/dolcevitaexperience.com\/fr\/wp-json\/wp\/v2\/comments?post=17324"}],"version-history":[{"count":11,"href":"https:\/\/dolcevitaexperience.com\/fr\/wp-json\/wp\/v2\/pages\/17324\/revisions"}],"predecessor-version":[{"id":17402,"href":"https:\/\/dolcevitaexperience.com\/fr\/wp-json\/wp\/v2\/pages\/17324\/revisions\/17402"}],"wp:attachment":[{"href":"https:\/\/dolcevitaexperience.com\/fr\/wp-json\/wp\/v2\/media?parent=17324"}],"curies":[{"name":"wp","href":"https:\/\/api.w.org\/{rel}","templated":true}]}}