{"id":17701,"date":"2025-03-24T16:00:04","date_gmt":"2025-03-24T16:00:04","guid":{"rendered":"https:\/\/dolcevitaexperience.com\/?page_id=17701"},"modified":"2025-04-29T15:58:15","modified_gmt":"2025-04-29T15:58:15","slug":"lart-du-slow-travel","status":"publish","type":"page","link":"https:\/\/dolcevitaexperience.com\/fr\/lart-du-slow-travel\/","title":{"rendered":"L&rsquo;art du Slow Travel"},"content":{"rendered":"\t\t<div data-elementor-type=\"wp-post\" data-elementor-id=\"17701\" class=\"elementor elementor-17701\">\n\t\t\t\t\t\t<div class=\"elementor-inner\">\n\t\t\t\t<div class=\"elementor-section-wrap\">\n\t\t\t\t\t\t\t\t\t<section class=\"elementor-section elementor-top-section elementor-element elementor-element-zuoldcu elementor-section-full_width elementor-section-height-full elementor-section-height-default elementor-section-items-middle wpr-particle-no wpr-jarallax-no wpr-parallax-no wpr-sticky-section-no wpr-equal-height-no\" data-id=\"zuoldcu\" data-element_type=\"section\" data-settings=\"{&quot;background_background&quot;:&quot;video&quot;,&quot;background_video_link&quot;:&quot;https:\\\/\\\/www.youtube.com\\\/watch?v=VMoAdbIfKlI?rel=0&quot;,&quot;background_video_start&quot;:16,&quot;background_play_on_mobile&quot;:&quot;yes&quot;}\">\n\t\t\t\t\t\t\t\t<div class=\"elementor-background-video-container\">\n\t\t\t\t\t\t\t\t\t\t\t\t\t<div class=\"elementor-background-video-embed\"><\/div>\n\t\t\t\t\t\t\t\t\t\t\t\t<\/div>\n\t\t\t\t\t\t\t\t\t<div class=\"elementor-background-overlay\"><\/div>\n\t\t\t\t\t\t\t<div class=\"elementor-container elementor-column-gap-default\">\n\t\t\t\t\t\t\t<div class=\"elementor-row\">\n\t\t\t\t\t<div class=\"elementor-column elementor-col-100 elementor-top-column elementor-element elementor-element-zwsiodr\" data-id=\"zwsiodr\" data-element_type=\"column\">\n\t\t\t<div class=\"elementor-column-wrap elementor-element-populated\">\n\t\t\t\t\t\t\t<div class=\"elementor-widget-wrap\">\n\t\t\t\t\t\t<div class=\"elementor-element elementor-element-bb0d5d6 elementor-absolute elementor-view-default elementor-invisible elementor-widget elementor-widget-icon\" data-id=\"bb0d5d6\" data-element_type=\"widget\" data-settings=\"{&quot;_animation&quot;:&quot;bounce&quot;,&quot;_position&quot;:&quot;absolute&quot;,&quot;_animation_delay&quot;:5}\" data-widget_type=\"icon.default\">\n\t\t\t\t<div class=\"elementor-widget-container\">\n\t\t\t\t\t<div class=\"elementor-icon-wrapper\">\n\t\t\t<a class=\"elementor-icon\" href=\"#scroll\">\n\t\t\t<i aria-hidden=\"true\" class=\"fas fa-chevron-down\"><\/i>\t\t\t<\/a>\n\t\t<\/div>\n\t\t\t\t<\/div>\n\t\t\t\t<\/div>\n\t\t\t\t<div class=\"elementor-element elementor-element-rmushfl elementor-view-default elementor-position-top elementor-widget elementor-widget-themo-header\" data-id=\"rmushfl\" data-element_type=\"widget\" data-widget_type=\"themo-header.default\">\n\t\t\t\t<div class=\"elementor-widget-container\">\n\t\t\t\t\t<div class=\"th-header-wrap\">\n        <div class=\"elementor-icon-box-wrapper \">\n                            <div class=\"elementor-icon-box-content\">\n                    <h1 class=\"elementor-icon-box-title\">\n                        L'art du Slow Travel                    <\/h1>\n                                        <p class=\"elementor-icon-box-description\">Selon Dolce Vita Experience<\/p>\n\n                                    <\/div>\n            <\/div>\n\n        <\/div>\n\n\t\t\t\t<\/div>\n\t\t\t\t<\/div>\n\t\t\t\t\t\t<\/div>\n\t\t\t\t\t<\/div>\n\t\t<\/div>\n\t\t\t\t\t\t\t\t<\/div>\n\t\t\t\t\t<\/div>\n\t\t<\/section>\n\t\t\t\t<section class=\"elementor-section elementor-top-section elementor-element elementor-element-d1e53a9 elementor-section-full_width elementor-section-content-middle elementor-section-height-default elementor-section-height-default wpr-particle-no wpr-jarallax-no wpr-parallax-no wpr-sticky-section-no wpr-equal-height-no\" data-id=\"d1e53a9\" data-element_type=\"section\" data-settings=\"{&quot;background_background&quot;:&quot;classic&quot;}\">\n\t\t\t\t\t\t<div class=\"elementor-container elementor-column-gap-default\">\n\t\t\t\t\t\t\t<div class=\"elementor-row\">\n\t\t\t\t\t<div class=\"elementor-column elementor-col-50 elementor-top-column elementor-element elementor-element-8eff4af\" data-id=\"8eff4af\" data-element_type=\"column\" data-settings=\"{&quot;background_background&quot;:&quot;classic&quot;}\">\n\t\t\t<div class=\"elementor-column-wrap elementor-element-populated\">\n\t\t\t\t\t\t\t<div class=\"elementor-widget-wrap\">\n\t\t\t\t\t\t<div class=\"elementor-element elementor-element-e0e4a97 elementor-position-left elementor-view-default elementor-widget elementor-widget-themo-header\" data-id=\"e0e4a97\" data-element_type=\"widget\" data-widget_type=\"themo-header.default\">\n\t\t\t\t<div class=\"elementor-widget-container\">\n\t\t\t\t\t<div class=\"th-header-wrap\">\n        <div class=\"elementor-icon-box-wrapper \">\n                            <div class=\"elementor-icon-box-content\">\n                    <h3 class=\"elementor-icon-box-title\">\n                        Ralentir pour mieux observer, \u00e9couter et comprendre                    <\/h3>\n                                        <p class=\"elementor-icon-box-description\">Le Slow Travel consiste \u00e0 r\u00e9duire les \u00e9tapes pour ressentir l\u2019\u00e2me d\u2019une r\u00e9gion, en saisir les subtilit\u00e9s, les histoires et les \u00e9motions. Laissez-vous porter par un rythme doux, comme lors d\u2019une promenade dans un domaine o\u00f9 la propri\u00e9taire vous accueille avec chaleur, vous invitant \u00e0 prendre le temps d\u2019\u00e9couter ses histoires et celles de sa terre..  Passer plus de temps dans moins d\u2019endroits, c\u2019est accompagner un chasseur de truffes et son chien \u00e0 travers les bois, \u00e9couter ses r\u00e9cits, observer la patience du duo complice et partager la joie simple lorsqu\u2019ils d\u00e9couvrent le pr\u00e9cieux tr\u00e9sor sous la terre. Nous imaginons des voyages o\u00f9 le rythme invite \u00e0 respirer, \u00e0 \u00e9changer et \u00e0 se laisser surprendre par des moments simples et vrais.<\/p>\n\n                                    <\/div>\n            <\/div>\n\n        <\/div>\n\n\t\t\t\t<\/div>\n\t\t\t\t<\/div>\n\t\t\t\t\t\t<\/div>\n\t\t\t\t\t<\/div>\n\t\t<\/div>\n\t\t\t\t<div class=\"elementor-column elementor-col-50 elementor-top-column elementor-element elementor-element-4268d45\" data-id=\"4268d45\" data-element_type=\"column\" data-settings=\"{&quot;background_background&quot;:&quot;slideshow&quot;,&quot;background_slideshow_gallery&quot;:[{&quot;id&quot;:15312,&quot;url&quot;:&quot;https:\\\/\\\/dolcevitaexperience.com\\\/wp-content\\\/uploads\\\/2024\\\/01\\\/Chianti.jpg&quot;}],&quot;background_slideshow_loop&quot;:&quot;yes&quot;,&quot;background_slideshow_slide_duration&quot;:5000,&quot;background_slideshow_slide_transition&quot;:&quot;fade&quot;,&quot;background_slideshow_transition_duration&quot;:500}\">\n\t\t\t<div class=\"elementor-column-wrap elementor-element-populated\">\n\t\t\t\t\t\t\t<div class=\"elementor-widget-wrap\">\n\t\t\t\t\t\t<div class=\"elementor-element elementor-element-699ebbd elementor-widget elementor-widget-spacer\" data-id=\"699ebbd\" data-element_type=\"widget\" data-widget_type=\"spacer.default\">\n\t\t\t\t<div class=\"elementor-widget-container\">\n\t\t\t\t\t<div class=\"elementor-spacer\">\n\t\t\t<div class=\"elementor-spacer-inner\"><\/div>\n\t\t<\/div>\n\t\t\t\t<\/div>\n\t\t\t\t<\/div>\n\t\t\t\t\t\t<\/div>\n\t\t\t\t\t<\/div>\n\t\t<\/div>\n\t\t\t\t\t\t\t\t<\/div>\n\t\t\t\t\t<\/div>\n\t\t<\/section>\n\t\t\t\t<section class=\"elementor-section elementor-top-section elementor-element elementor-element-6dbf190 elementor-section-full_width elementor-section-content-middle elementor-section-height-default elementor-section-height-default wpr-particle-no wpr-jarallax-no wpr-parallax-no wpr-sticky-section-no wpr-equal-height-no\" data-id=\"6dbf190\" data-element_type=\"section\" data-settings=\"{&quot;background_background&quot;:&quot;classic&quot;}\">\n\t\t\t\t\t\t<div class=\"elementor-container elementor-column-gap-default\">\n\t\t\t\t\t\t\t<div class=\"elementor-row\">\n\t\t\t\t\t<div class=\"elementor-column elementor-col-50 elementor-top-column elementor-element elementor-element-4838e2e\" data-id=\"4838e2e\" data-element_type=\"column\" data-settings=\"{&quot;background_background&quot;:&quot;slideshow&quot;,&quot;background_slideshow_gallery&quot;:[{&quot;id&quot;:16988,&quot;url&quot;:&quot;https:\\\/\\\/dolcevitaexperience.com\\\/wp-content\\\/uploads\\\/2023\\\/12\\\/Cocktail-2-scaled.jpg&quot;}],&quot;background_slideshow_loop&quot;:&quot;yes&quot;,&quot;background_slideshow_slide_duration&quot;:5000,&quot;background_slideshow_slide_transition&quot;:&quot;fade&quot;,&quot;background_slideshow_transition_duration&quot;:500}\">\n\t\t\t<div class=\"elementor-column-wrap elementor-element-populated\">\n\t\t\t\t\t\t\t<div class=\"elementor-widget-wrap\">\n\t\t\t\t\t\t<div class=\"elementor-element elementor-element-91bc5e8 elementor-widget elementor-widget-spacer\" data-id=\"91bc5e8\" data-element_type=\"widget\" data-widget_type=\"spacer.default\">\n\t\t\t\t<div class=\"elementor-widget-container\">\n\t\t\t\t\t<div class=\"elementor-spacer\">\n\t\t\t<div class=\"elementor-spacer-inner\"><\/div>\n\t\t<\/div>\n\t\t\t\t<\/div>\n\t\t\t\t<\/div>\n\t\t\t\t\t\t<\/div>\n\t\t\t\t\t<\/div>\n\t\t<\/div>\n\t\t\t\t<div class=\"elementor-column elementor-col-50 elementor-top-column elementor-element elementor-element-8828f0c\" data-id=\"8828f0c\" data-element_type=\"column\" data-settings=\"{&quot;background_background&quot;:&quot;classic&quot;}\">\n\t\t\t<div class=\"elementor-column-wrap elementor-element-populated\">\n\t\t\t\t\t\t\t<div class=\"elementor-widget-wrap\">\n\t\t\t\t\t\t<div class=\"elementor-element elementor-element-b1e5c6a elementor-position-left elementor-view-default elementor-widget elementor-widget-themo-header\" data-id=\"b1e5c6a\" data-element_type=\"widget\" data-widget_type=\"themo-header.default\">\n\t\t\t\t<div class=\"elementor-widget-container\">\n\t\t\t\t\t<div class=\"th-header-wrap\">\n        <div class=\"elementor-icon-box-wrapper \">\n                            <div class=\"elementor-icon-box-content\">\n                    <h3 class=\"elementor-icon-box-title\">\n                        Des rencontres privil\u00e9gi\u00e9es qui donnent \u00e0 chaque journ\u00e9e leur profondeur.                    <\/h3>\n                                        <p class=\"elementor-icon-box-description\">D\u00e9couvrir un territoire, c\u2019est avant tout rencontrer ceux qui le font vivre. Des personnes avec qui nous avons tiss\u00e9 des liens solides vous ouvriront leur porte, partageront leur passion et leurs secrets, vous laissant repartir avec bien plus que des souvenirs.\n\nAux c\u00f4t\u00e9s d\u2019un chef passionn\u00e9, vous prenez le temps de cueillir dans le potager, vous ramenez en cuisine et sublimez chaque produit jusqu\u2019\u00e0 l\u2019assiette.\nAvec une anthropologue, vous \u00e9coutez les r\u00e9cits d\u2019une culture italienne o\u00f9 chaque plat est m\u00e9moire. Un regard complice, un sourire chaleureux\u2026 ce sont toutes ces exp\u00e9riences v\u00e9cues qui restent bien au-del\u00e0 du voyage.<\/p>\n\n                                    <\/div>\n            <\/div>\n\n        <\/div>\n\n\t\t\t\t<\/div>\n\t\t\t\t<\/div>\n\t\t\t\t\t\t<\/div>\n\t\t\t\t\t<\/div>\n\t\t<\/div>\n\t\t\t\t\t\t\t\t<\/div>\n\t\t\t\t\t<\/div>\n\t\t<\/section>\n\t\t\t\t<section class=\"elementor-section elementor-top-section elementor-element elementor-element-601fa06 elementor-section-full_width elementor-section-content-middle elementor-section-height-default elementor-section-height-default wpr-particle-no wpr-jarallax-no wpr-parallax-no wpr-sticky-section-no wpr-equal-height-no\" data-id=\"601fa06\" data-element_type=\"section\" data-settings=\"{&quot;background_background&quot;:&quot;classic&quot;}\">\n\t\t\t\t\t\t<div class=\"elementor-container elementor-column-gap-default\">\n\t\t\t\t\t\t\t<div class=\"elementor-row\">\n\t\t\t\t\t<div class=\"elementor-column elementor-col-50 elementor-top-column elementor-element elementor-element-2f7d08c\" data-id=\"2f7d08c\" data-element_type=\"column\" data-settings=\"{&quot;background_background&quot;:&quot;classic&quot;}\">\n\t\t\t<div class=\"elementor-column-wrap elementor-element-populated\">\n\t\t\t\t\t\t\t<div class=\"elementor-widget-wrap\">\n\t\t\t\t\t\t<div class=\"elementor-element elementor-element-d95ebd2 elementor-position-left elementor-view-default elementor-widget elementor-widget-themo-header\" data-id=\"d95ebd2\" data-element_type=\"widget\" data-widget_type=\"themo-header.default\">\n\t\t\t\t<div class=\"elementor-widget-container\">\n\t\t\t\t\t<div class=\"th-header-wrap\">\n        <div class=\"elementor-icon-box-wrapper \">\n                            <div class=\"elementor-icon-box-content\">\n                    <h3 class=\"elementor-icon-box-title\">\n                        Dormir dans des lieux d\u2019exception o\u00f9 l\u2019on se sent chez soi                    <\/h3>\n                                        <p class=\"elementor-icon-box-description\">L\u2019importance du lieu o\u00f9 nous dormons lors de nos voyages est essentielle, car c\u2019est l\u00e0 que vous retrouverez l\u2019essence du slow travel.\nLe choix du lieu que nous avons s\u00e9lectionn\u00e9 pour vous est le fruit de nombreuses recherches, de visites attentives et de rencontres. Il r\u00e9sulte aussi de longues collaborations, qui favorisent des \u00e9changes sinc\u00e8res avec les propri\u00e9taires. Ils vous ouvrent leurs portes, non comme \u00e0 de simples voyageurs, mais comme \u00e0 des amis, pour que vous vous sentiez, le temps d\u2019un s\u00e9jour, un peu chez vous.<\/p>\n\n                                    <\/div>\n            <\/div>\n\n        <\/div>\n\n\t\t\t\t<\/div>\n\t\t\t\t<\/div>\n\t\t\t\t\t\t<\/div>\n\t\t\t\t\t<\/div>\n\t\t<\/div>\n\t\t\t\t<div class=\"elementor-column elementor-col-50 elementor-top-column elementor-element elementor-element-6556fd2\" data-id=\"6556fd2\" data-element_type=\"column\" data-settings=\"{&quot;background_background&quot;:&quot;slideshow&quot;,&quot;background_slideshow_gallery&quot;:[{&quot;id&quot;:16891,&quot;url&quot;:&quot;https:\\\/\\\/dolcevitaexperience.com\\\/wp-content\\\/uploads\\\/2023\\\/12\\\/Poggio-ai-Santi-5.jpg&quot;}],&quot;background_slideshow_loop&quot;:&quot;yes&quot;,&quot;background_slideshow_slide_duration&quot;:5000,&quot;background_slideshow_slide_transition&quot;:&quot;fade&quot;,&quot;background_slideshow_transition_duration&quot;:500}\">\n\t\t\t<div class=\"elementor-column-wrap elementor-element-populated\">\n\t\t\t\t\t\t\t<div class=\"elementor-widget-wrap\">\n\t\t\t\t\t\t<div class=\"elementor-element elementor-element-319c7c4 elementor-widget elementor-widget-spacer\" data-id=\"319c7c4\" data-element_type=\"widget\" data-widget_type=\"spacer.default\">\n\t\t\t\t<div class=\"elementor-widget-container\">\n\t\t\t\t\t<div class=\"elementor-spacer\">\n\t\t\t<div class=\"elementor-spacer-inner\"><\/div>\n\t\t<\/div>\n\t\t\t\t<\/div>\n\t\t\t\t<\/div>\n\t\t\t\t\t\t<\/div>\n\t\t\t\t\t<\/div>\n\t\t<\/div>\n\t\t\t\t\t\t\t\t<\/div>\n\t\t\t\t\t<\/div>\n\t\t<\/section>\n\t\t\t\t<section class=\"elementor-section elementor-top-section elementor-element elementor-element-c79b171 elementor-section-full_width elementor-section-content-middle elementor-section-height-default elementor-section-height-default wpr-particle-no wpr-jarallax-no wpr-parallax-no wpr-sticky-section-no wpr-equal-height-no\" data-id=\"c79b171\" data-element_type=\"section\" data-settings=\"{&quot;background_background&quot;:&quot;classic&quot;}\">\n\t\t\t\t\t\t<div class=\"elementor-container elementor-column-gap-default\">\n\t\t\t\t\t\t\t<div class=\"elementor-row\">\n\t\t\t\t\t<div class=\"elementor-column elementor-col-50 elementor-top-column elementor-element elementor-element-137e6ee\" data-id=\"137e6ee\" data-element_type=\"column\" data-settings=\"{&quot;background_background&quot;:&quot;slideshow&quot;,&quot;background_slideshow_gallery&quot;:[{&quot;id&quot;:12405,&quot;url&quot;:&quot;https:\\\/\\\/dolcevitaexperience.com\\\/wp-content\\\/uploads\\\/2021\\\/06\\\/GIT3602.jpg&quot;}],&quot;background_slideshow_loop&quot;:&quot;yes&quot;,&quot;background_slideshow_slide_duration&quot;:5000,&quot;background_slideshow_slide_transition&quot;:&quot;fade&quot;,&quot;background_slideshow_transition_duration&quot;:500}\">\n\t\t\t<div class=\"elementor-column-wrap elementor-element-populated\">\n\t\t\t\t\t\t\t<div class=\"elementor-widget-wrap\">\n\t\t\t\t\t\t<div class=\"elementor-element elementor-element-352493f elementor-widget elementor-widget-spacer\" data-id=\"352493f\" data-element_type=\"widget\" data-widget_type=\"spacer.default\">\n\t\t\t\t<div class=\"elementor-widget-container\">\n\t\t\t\t\t<div class=\"elementor-spacer\">\n\t\t\t<div class=\"elementor-spacer-inner\"><\/div>\n\t\t<\/div>\n\t\t\t\t<\/div>\n\t\t\t\t<\/div>\n\t\t\t\t\t\t<\/div>\n\t\t\t\t\t<\/div>\n\t\t<\/div>\n\t\t\t\t<div class=\"elementor-column elementor-col-50 elementor-top-column elementor-element elementor-element-286dbf8\" data-id=\"286dbf8\" data-element_type=\"column\" data-settings=\"{&quot;background_background&quot;:&quot;classic&quot;}\">\n\t\t\t<div class=\"elementor-column-wrap elementor-element-populated\">\n\t\t\t\t\t\t\t<div class=\"elementor-widget-wrap\">\n\t\t\t\t\t\t<div class=\"elementor-element elementor-element-a621617 elementor-position-left elementor-view-default elementor-widget elementor-widget-themo-header\" data-id=\"a621617\" data-element_type=\"widget\" data-widget_type=\"themo-header.default\">\n\t\t\t\t<div class=\"elementor-widget-container\">\n\t\t\t\t\t<div class=\"th-header-wrap\">\n        <div class=\"elementor-icon-box-wrapper \">\n                            <div class=\"elementor-icon-box-content\">\n                    <h3 class=\"elementor-icon-box-title\">\n                        Prendre du temps pour soi, vivre des exp\u00e9riences et en garder l\u2019essentiel.                    <\/h3>\n                                        <p class=\"elementor-icon-box-description\">Tout commence d\u00e8s le matin, lorsque nos voyages vous offrent un instant pour vous reconnecter \u00e0 vous-m\u00eame, respirer, et accueillir la journ\u00e9e avec s\u00e9r\u00e9nit\u00e9, en conscience. En ralentissant, en prenant le temps d\u2019\u00e9changer et de s\u2019enrichir, on se transforme peu \u00e0 peu, avec un regard renouvel\u00e9 et l\u2019envie profonde de vivre autrement. Vous aurez du temps pour vous, pour vous connecter \u00e0 vous-m\u00eame, puis aux autres. Nous esp\u00e9rons que vous garderez quelque chose de profond de ce voyage : le r\u00e9cit d\u2019une histoire, la rencontre avec quelqu\u2019un, ou simplement l\u2019\u00e9merveillement face \u00e0 la beaut\u00e9 et \u00e0 la simplicit\u00e9. Et revenir chez vous, repos\u00e9 et pleinement revitalis\u00e9.<\/p>\n\n                                    <\/div>\n            <\/div>\n\n        <\/div>\n\n\t\t\t\t<\/div>\n\t\t\t\t<\/div>\n\t\t\t\t\t\t<\/div>\n\t\t\t\t\t<\/div>\n\t\t<\/div>\n\t\t\t\t\t\t\t\t<\/div>\n\t\t\t\t\t<\/div>\n\t\t<\/section>\n\t\t\t\t<section class=\"elementor-section elementor-top-section elementor-element elementor-element-e1a763f elementor-section-full_width elementor-section-content-middle elementor-section-height-default elementor-section-height-default wpr-particle-no wpr-jarallax-no wpr-parallax-no wpr-sticky-section-no wpr-equal-height-no\" data-id=\"e1a763f\" data-element_type=\"section\" data-settings=\"{&quot;background_background&quot;:&quot;classic&quot;}\">\n\t\t\t\t\t\t<div class=\"elementor-container elementor-column-gap-default\">\n\t\t\t\t\t\t\t<div class=\"elementor-row\">\n\t\t\t\t\t<div class=\"elementor-column elementor-col-50 elementor-top-column elementor-element elementor-element-fd22ff7\" data-id=\"fd22ff7\" data-element_type=\"column\" data-settings=\"{&quot;background_background&quot;:&quot;classic&quot;}\">\n\t\t\t<div class=\"elementor-column-wrap elementor-element-populated\">\n\t\t\t\t\t\t\t<div class=\"elementor-widget-wrap\">\n\t\t\t\t\t\t<div class=\"elementor-element elementor-element-84dbe73 elementor-position-left elementor-view-default elementor-widget elementor-widget-themo-header\" data-id=\"84dbe73\" data-element_type=\"widget\" data-widget_type=\"themo-header.default\">\n\t\t\t\t<div class=\"elementor-widget-container\">\n\t\t\t\t\t<div class=\"th-header-wrap\">\n        <div class=\"elementor-icon-box-wrapper \">\n                            <div class=\"elementor-icon-box-content\">\n                    <h3 class=\"elementor-icon-box-title\">\n                        La gastronomie est l'une des cl\u00e9s pour comprendre la culture italienne.                    <\/h3>\n                                        <p class=\"elementor-icon-box-description\">Autour de la table, lors d\u2019ateliers inspirants ou de d\u00e9gustations intimes, chaque recette devient un r\u00e9cit \u00e0 partager. Ces moments prennent racine dans la succession d\u2019exp\u00e9riences et de rencontres, Tout au long du voyage, la gastronomie devient un fil conducteur : elle relie les saveurs aux histoires, les gestes aux traditions, et ouvre un espace d\u2019apprentissage o\u00f9 l\u2019on d\u00e9couvre, go\u00fbte, comprend. Chaque assiette invite \u00e0 mieux manger, dans un juste \u00e9quilibre, en respectant les saisons et les bienfaits d\u2019une cuisine simple et saine. En Italie, cette approche prend tout son sens : chaque repas est une rencontre, chaque saveur un h\u00e9ritage, chaque table un voyage.<\/p>\n\n                                    <\/div>\n            <\/div>\n\n        <\/div>\n\n\t\t\t\t<\/div>\n\t\t\t\t<\/div>\n\t\t\t\t\t\t<\/div>\n\t\t\t\t\t<\/div>\n\t\t<\/div>\n\t\t\t\t<div class=\"elementor-column elementor-col-50 elementor-top-column elementor-element elementor-element-a8a10da\" data-id=\"a8a10da\" data-element_type=\"column\" data-settings=\"{&quot;background_background&quot;:&quot;slideshow&quot;,&quot;background_slideshow_gallery&quot;:[{&quot;id&quot;:15195,&quot;url&quot;:&quot;https:\\\/\\\/dolcevitaexperience.com\\\/wp-content\\\/uploads\\\/2023\\\/12\\\/gnocci-scaled.jpg&quot;}],&quot;background_slideshow_loop&quot;:&quot;yes&quot;,&quot;background_slideshow_slide_duration&quot;:5000,&quot;background_slideshow_slide_transition&quot;:&quot;fade&quot;,&quot;background_slideshow_transition_duration&quot;:500}\">\n\t\t\t<div class=\"elementor-column-wrap elementor-element-populated\">\n\t\t\t\t\t\t\t<div class=\"elementor-widget-wrap\">\n\t\t\t\t\t\t<div class=\"elementor-element elementor-element-5887b92 elementor-widget elementor-widget-spacer\" data-id=\"5887b92\" data-element_type=\"widget\" data-widget_type=\"spacer.default\">\n\t\t\t\t<div class=\"elementor-widget-container\">\n\t\t\t\t\t<div class=\"elementor-spacer\">\n\t\t\t<div class=\"elementor-spacer-inner\"><\/div>\n\t\t<\/div>\n\t\t\t\t<\/div>\n\t\t\t\t<\/div>\n\t\t\t\t\t\t<\/div>\n\t\t\t\t\t<\/div>\n\t\t<\/div>\n\t\t\t\t\t\t\t\t<\/div>\n\t\t\t\t\t<\/div>\n\t\t<\/section>\n\t\t\t\t\t\t\t\t\t<\/div>\n\t\t\t<\/div>\n\t\t\t\t\t<\/div>\n\t\t","protected":false},"excerpt":{"rendered":"<p>L&rsquo;art du Slow Travel Selon Dolce Vita Experience Ralentir pour mieux observer, \u00e9couter et comprendre Le Slow Travel consiste \u00e0 r\u00e9duire les \u00e9tapes pour ressentir l\u2019\u00e2me d\u2019une r\u00e9gion, en saisir les subtilit\u00e9s, les histoires et les \u00e9motions. Laissez-vous porter par &hellip; <a href=\"https:\/\/dolcevitaexperience.com\/fr\/lart-du-slow-travel\/\">Read More<\/a><\/p>\n","protected":false},"author":1,"featured_media":0,"parent":0,"menu_order":9,"comment_status":"closed","ping_status":"closed","template":"","meta":{"_acf_changed":false,"iawp_total_views":31,"_joinchat":[],"footnotes":""},"class_list":["post-17701","page","type-page","status-publish","hentry"],"acf":[],"_links":{"self":[{"href":"https:\/\/dolcevitaexperience.com\/fr\/wp-json\/wp\/v2\/pages\/17701","targetHints":{"allow":["GET"]}}],"collection":[{"href":"https:\/\/dolcevitaexperience.com\/fr\/wp-json\/wp\/v2\/pages"}],"about":[{"href":"https:\/\/dolcevitaexperience.com\/fr\/wp-json\/wp\/v2\/types\/page"}],"author":[{"embeddable":true,"href":"https:\/\/dolcevitaexperience.com\/fr\/wp-json\/wp\/v2\/users\/1"}],"replies":[{"embeddable":true,"href":"https:\/\/dolcevitaexperience.com\/fr\/wp-json\/wp\/v2\/comments?post=17701"}],"version-history":[{"count":35,"href":"https:\/\/dolcevitaexperience.com\/fr\/wp-json\/wp\/v2\/pages\/17701\/revisions"}],"predecessor-version":[{"id":18843,"href":"https:\/\/dolcevitaexperience.com\/fr\/wp-json\/wp\/v2\/pages\/17701\/revisions\/18843"}],"wp:attachment":[{"href":"https:\/\/dolcevitaexperience.com\/fr\/wp-json\/wp\/v2\/media?parent=17701"}],"curies":[{"name":"wp","href":"https:\/\/api.w.org\/{rel}","templated":true}]}}